{"id":164,"date":"2023-05-29T21:36:19","date_gmt":"2023-05-29T19:36:19","guid":{"rendered":"http:\/\/www.location-gite-salle-reception-ariege.com\/cj192558-ovh\/?page_id=164"},"modified":"2023-07-07T16:00:46","modified_gmt":"2023-07-07T14:00:46","slug":"randonnees","status":"publish","type":"page","link":"https:\/\/www.location-gite-salle-reception-ariege.com\/cj192558-ovh\/index.php\/randonnees\/","title":{"rendered":"Randonn\u00e9es"},"content":{"rendered":"\n<h2 class=\"wp-block-heading\">Le lac de Bethmale<\/h2>\n\n\n\n<p>Le&nbsp;<strong><a href=\"https:\/\/www.tourisme-couserans-pyrenees.com\/activites\/lac-de-bethmale\/\">lac de Bethmale<\/a><\/strong>, c\u2019est le petit bijou du Couserans, sa&nbsp;<strong>couleur \u00e9meraude<\/strong>&nbsp;et sa&nbsp;<strong>forme en c\u0153ur<\/strong>&nbsp;en ferait un joli pendentif.\u202fCe lac n\u2019est pas immense\u2026 il est juste beau, les lieux incitent \u00e0 la z\u00e9nitude, \u00e0 la d\u00e9contraction, je dirais m\u00eame qu\u2019il apaise les tensions\u2026 Chaque saison l\u2019habille d\u2019une nouvelle tenue, mais que ce soit le vert tendre du printemps ou le blanc de la neige, l\u2019<strong>atmosph\u00e8re reste si paisible<\/strong>.<\/p>\n\n\n\n<p><\/p>\n\n\n\n<figure class=\"wp-block-gallery has-nested-images columns-default is-cropped wp-block-gallery-1 is-layout-flex wp-block-gallery-is-layout-flex\">\n<figure class=\"wp-block-image size-full\"><img loading=\"lazy\" decoding=\"async\" width=\"1000\" height=\"591\" data-id=\"243\" src=\"https:\/\/www.location-gite-salle-reception-ariege.com\/cj192558-ovh\/wp-content\/uploads\/2023\/06\/04-etang-de-bethmale_17206-1.jpg\" alt=\"\" class=\"wp-image-243\" srcset=\"https:\/\/www.location-gite-salle-reception-ariege.com\/cj192558-ovh\/wp-content\/uploads\/2023\/06\/04-etang-de-bethmale_17206-1.jpg 1000w, https:\/\/www.location-gite-salle-reception-ariege.com\/cj192558-ovh\/wp-content\/uploads\/2023\/06\/04-etang-de-bethmale_17206-1-300x177.jpg 300w, https:\/\/www.location-gite-salle-reception-ariege.com\/cj192558-ovh\/wp-content\/uploads\/2023\/06\/04-etang-de-bethmale_17206-1-768x454.jpg 768w\" sizes=\"(max-width: 1000px) 100vw, 1000px\" \/><\/figure>\n\n\n\n<figure class=\"wp-block-image size-large\"><img loading=\"lazy\" decoding=\"async\" width=\"800\" height=\"440\" data-id=\"306\" src=\"https:\/\/www.location-gite-salle-reception-ariege.com\/cj192558-ovh\/wp-content\/uploads\/2023\/06\/bethmale-cr-loic-bel-800x440-1.jpg\" alt=\"\" class=\"wp-image-306\" srcset=\"https:\/\/www.location-gite-salle-reception-ariege.com\/cj192558-ovh\/wp-content\/uploads\/2023\/06\/bethmale-cr-loic-bel-800x440-1.jpg 800w, https:\/\/www.location-gite-salle-reception-ariege.com\/cj192558-ovh\/wp-content\/uploads\/2023\/06\/bethmale-cr-loic-bel-800x440-1-300x165.jpg 300w, https:\/\/www.location-gite-salle-reception-ariege.com\/cj192558-ovh\/wp-content\/uploads\/2023\/06\/bethmale-cr-loic-bel-800x440-1-768x422.jpg 768w\" sizes=\"(max-width: 800px) 100vw, 800px\" \/><\/figure>\n<\/figure>\n\n\n\n<figure class=\"wp-block-gallery has-nested-images columns-default is-cropped wp-block-gallery-2 is-layout-flex wp-block-gallery-is-layout-flex\">\n<figure class=\"wp-block-image size-large\"><img loading=\"lazy\" decoding=\"async\" width=\"683\" height=\"1024\" data-id=\"310\" src=\"https:\/\/www.location-gite-salle-reception-ariege.com\/cj192558-ovh\/wp-content\/uploads\/2023\/06\/JOOWBAR_ARIEGE_FRANCE_LAC_BETHMALE_ETANG_LERS_PYRENEES_MONTAGNE_VISITER-16-683x1024.jpg\" alt=\"\" class=\"wp-image-310\" srcset=\"https:\/\/www.location-gite-salle-reception-ariege.com\/cj192558-ovh\/wp-content\/uploads\/2023\/06\/JOOWBAR_ARIEGE_FRANCE_LAC_BETHMALE_ETANG_LERS_PYRENEES_MONTAGNE_VISITER-16-683x1024.jpg 683w, https:\/\/www.location-gite-salle-reception-ariege.com\/cj192558-ovh\/wp-content\/uploads\/2023\/06\/JOOWBAR_ARIEGE_FRANCE_LAC_BETHMALE_ETANG_LERS_PYRENEES_MONTAGNE_VISITER-16-200x300.jpg 200w, https:\/\/www.location-gite-salle-reception-ariege.com\/cj192558-ovh\/wp-content\/uploads\/2023\/06\/JOOWBAR_ARIEGE_FRANCE_LAC_BETHMALE_ETANG_LERS_PYRENEES_MONTAGNE_VISITER-16-768x1152.jpg 768w, https:\/\/www.location-gite-salle-reception-ariege.com\/cj192558-ovh\/wp-content\/uploads\/2023\/06\/JOOWBAR_ARIEGE_FRANCE_LAC_BETHMALE_ETANG_LERS_PYRENEES_MONTAGNE_VISITER-16.jpg 1000w\" sizes=\"(max-width: 683px) 100vw, 683px\" \/><\/figure>\n\n\n\n<figure class=\"wp-block-image size-large\"><img loading=\"lazy\" decoding=\"async\" width=\"683\" height=\"1024\" data-id=\"311\" src=\"https:\/\/www.location-gite-salle-reception-ariege.com\/cj192558-ovh\/wp-content\/uploads\/2023\/06\/JOOWBAR_ARIEGE_FRANCE_LAC_BETHMALE_ETANG_LERS_PYRENEES_MONTAGNE_VISITER-18-683x1024.jpg\" alt=\"\" class=\"wp-image-311\" srcset=\"https:\/\/www.location-gite-salle-reception-ariege.com\/cj192558-ovh\/wp-content\/uploads\/2023\/06\/JOOWBAR_ARIEGE_FRANCE_LAC_BETHMALE_ETANG_LERS_PYRENEES_MONTAGNE_VISITER-18-683x1024.jpg 683w, https:\/\/www.location-gite-salle-reception-ariege.com\/cj192558-ovh\/wp-content\/uploads\/2023\/06\/JOOWBAR_ARIEGE_FRANCE_LAC_BETHMALE_ETANG_LERS_PYRENEES_MONTAGNE_VISITER-18-200x300.jpg 200w, https:\/\/www.location-gite-salle-reception-ariege.com\/cj192558-ovh\/wp-content\/uploads\/2023\/06\/JOOWBAR_ARIEGE_FRANCE_LAC_BETHMALE_ETANG_LERS_PYRENEES_MONTAGNE_VISITER-18-768x1152.jpg 768w, https:\/\/www.location-gite-salle-reception-ariege.com\/cj192558-ovh\/wp-content\/uploads\/2023\/06\/JOOWBAR_ARIEGE_FRANCE_LAC_BETHMALE_ETANG_LERS_PYRENEES_MONTAGNE_VISITER-18.jpg 1000w\" sizes=\"(max-width: 683px) 100vw, 683px\" \/><\/figure>\n\n\n\n<figure class=\"wp-block-image size-large\"><img loading=\"lazy\" decoding=\"async\" width=\"683\" height=\"1024\" data-id=\"309\" src=\"https:\/\/www.location-gite-salle-reception-ariege.com\/cj192558-ovh\/wp-content\/uploads\/2023\/06\/JOOWBAR_ARIEGE_FRANCE_LAC_BETHMALE_ETANG_LERS_PYRENEES_MONTAGNE_VISITER-20-683x1024.jpg\" alt=\"\" class=\"wp-image-309\" srcset=\"https:\/\/www.location-gite-salle-reception-ariege.com\/cj192558-ovh\/wp-content\/uploads\/2023\/06\/JOOWBAR_ARIEGE_FRANCE_LAC_BETHMALE_ETANG_LERS_PYRENEES_MONTAGNE_VISITER-20-683x1024.jpg 683w, https:\/\/www.location-gite-salle-reception-ariege.com\/cj192558-ovh\/wp-content\/uploads\/2023\/06\/JOOWBAR_ARIEGE_FRANCE_LAC_BETHMALE_ETANG_LERS_PYRENEES_MONTAGNE_VISITER-20-200x300.jpg 200w, https:\/\/www.location-gite-salle-reception-ariege.com\/cj192558-ovh\/wp-content\/uploads\/2023\/06\/JOOWBAR_ARIEGE_FRANCE_LAC_BETHMALE_ETANG_LERS_PYRENEES_MONTAGNE_VISITER-20-768x1152.jpg 768w, https:\/\/www.location-gite-salle-reception-ariege.com\/cj192558-ovh\/wp-content\/uploads\/2023\/06\/JOOWBAR_ARIEGE_FRANCE_LAC_BETHMALE_ETANG_LERS_PYRENEES_MONTAGNE_VISITER-20.jpg 1000w\" sizes=\"(max-width: 683px) 100vw, 683px\" \/><\/figure>\n\n\n\n<figure class=\"wp-block-image size-large\"><img loading=\"lazy\" decoding=\"async\" width=\"683\" height=\"1024\" data-id=\"314\" src=\"https:\/\/www.location-gite-salle-reception-ariege.com\/cj192558-ovh\/wp-content\/uploads\/2023\/06\/JOOWBAR_ARIEGE_FRANCE_LAC_BETHMALE_ETANG_LERS_PYRENEES_MONTAGNE_VISITER-24-683x1024.jpg\" alt=\"\" class=\"wp-image-314\" srcset=\"https:\/\/www.location-gite-salle-reception-ariege.com\/cj192558-ovh\/wp-content\/uploads\/2023\/06\/JOOWBAR_ARIEGE_FRANCE_LAC_BETHMALE_ETANG_LERS_PYRENEES_MONTAGNE_VISITER-24-683x1024.jpg 683w, https:\/\/www.location-gite-salle-reception-ariege.com\/cj192558-ovh\/wp-content\/uploads\/2023\/06\/JOOWBAR_ARIEGE_FRANCE_LAC_BETHMALE_ETANG_LERS_PYRENEES_MONTAGNE_VISITER-24-200x300.jpg 200w, https:\/\/www.location-gite-salle-reception-ariege.com\/cj192558-ovh\/wp-content\/uploads\/2023\/06\/JOOWBAR_ARIEGE_FRANCE_LAC_BETHMALE_ETANG_LERS_PYRENEES_MONTAGNE_VISITER-24-768x1152.jpg 768w, https:\/\/www.location-gite-salle-reception-ariege.com\/cj192558-ovh\/wp-content\/uploads\/2023\/06\/JOOWBAR_ARIEGE_FRANCE_LAC_BETHMALE_ETANG_LERS_PYRENEES_MONTAGNE_VISITER-24.jpg 1000w\" sizes=\"(max-width: 683px) 100vw, 683px\" \/><\/figure>\n\n\n\n<figure class=\"wp-block-image size-large\"><img loading=\"lazy\" decoding=\"async\" width=\"683\" height=\"1024\" data-id=\"312\" src=\"https:\/\/www.location-gite-salle-reception-ariege.com\/cj192558-ovh\/wp-content\/uploads\/2023\/06\/JOOWBAR_ARIEGE_FRANCE_LAC_BETHMALE_ETANG_LERS_PYRENEES_MONTAGNE_VISITER-26-683x1024.jpg\" alt=\"\" class=\"wp-image-312\" srcset=\"https:\/\/www.location-gite-salle-reception-ariege.com\/cj192558-ovh\/wp-content\/uploads\/2023\/06\/JOOWBAR_ARIEGE_FRANCE_LAC_BETHMALE_ETANG_LERS_PYRENEES_MONTAGNE_VISITER-26-683x1024.jpg 683w, https:\/\/www.location-gite-salle-reception-ariege.com\/cj192558-ovh\/wp-content\/uploads\/2023\/06\/JOOWBAR_ARIEGE_FRANCE_LAC_BETHMALE_ETANG_LERS_PYRENEES_MONTAGNE_VISITER-26-200x300.jpg 200w, https:\/\/www.location-gite-salle-reception-ariege.com\/cj192558-ovh\/wp-content\/uploads\/2023\/06\/JOOWBAR_ARIEGE_FRANCE_LAC_BETHMALE_ETANG_LERS_PYRENEES_MONTAGNE_VISITER-26-768x1152.jpg 768w, https:\/\/www.location-gite-salle-reception-ariege.com\/cj192558-ovh\/wp-content\/uploads\/2023\/06\/JOOWBAR_ARIEGE_FRANCE_LAC_BETHMALE_ETANG_LERS_PYRENEES_MONTAGNE_VISITER-26.jpg 1000w\" sizes=\"(max-width: 683px) 100vw, 683px\" \/><\/figure>\n\n\n\n<figure class=\"wp-block-image size-large\"><img loading=\"lazy\" decoding=\"async\" width=\"1024\" height=\"683\" data-id=\"313\" src=\"https:\/\/www.location-gite-salle-reception-ariege.com\/cj192558-ovh\/wp-content\/uploads\/2023\/06\/JOOWBAR_ARIEGE_FRANCE_LAC_BETHMALE_ETANG_LERS_PYRENEES_MONTAGNE_VISITER-29-1024x683.jpg\" alt=\"\" class=\"wp-image-313\" srcset=\"https:\/\/www.location-gite-salle-reception-ariege.com\/cj192558-ovh\/wp-content\/uploads\/2023\/06\/JOOWBAR_ARIEGE_FRANCE_LAC_BETHMALE_ETANG_LERS_PYRENEES_MONTAGNE_VISITER-29-1024x683.jpg 1024w, https:\/\/www.location-gite-salle-reception-ariege.com\/cj192558-ovh\/wp-content\/uploads\/2023\/06\/JOOWBAR_ARIEGE_FRANCE_LAC_BETHMALE_ETANG_LERS_PYRENEES_MONTAGNE_VISITER-29-300x200.jpg 300w, https:\/\/www.location-gite-salle-reception-ariege.com\/cj192558-ovh\/wp-content\/uploads\/2023\/06\/JOOWBAR_ARIEGE_FRANCE_LAC_BETHMALE_ETANG_LERS_PYRENEES_MONTAGNE_VISITER-29-768x512.jpg 768w, https:\/\/www.location-gite-salle-reception-ariege.com\/cj192558-ovh\/wp-content\/uploads\/2023\/06\/JOOWBAR_ARIEGE_FRANCE_LAC_BETHMALE_ETANG_LERS_PYRENEES_MONTAGNE_VISITER-29.jpg 1500w\" sizes=\"(max-width: 1024px) 100vw, 1024px\" \/><\/figure>\n<\/figure>\n\n\n\n<h2 class=\"wp-block-heading\">\u00c9tang d\u2019Ayes<\/h2>\n\n\n\n<p>Une balade familiale sur les hauteur du lac de Bethmale qui vous m\u00e8nera \u00e0 l&rsquo;\u00e9tang d&rsquo;Ay\u00e8s via le cirque de Campuls, lieu de rassemblement des animaux lors des transhumances avant de partir pour les estives.<\/p>\n\n\n\n<p>ACCES ROUTIER JUSQU&rsquo;AU DEPART : A Castillon, prendre la D4 en direction de Sentein. A Bordes sur Lez, prendre \u00e0 gauche la D17. Passer devant le lac de Bethmale. Prendre la piste foresti\u00e8re du Mount Ner pendant environ 20 mn jusqu&rsquo;au deuxi\u00e8me parking (une barri\u00e8re interdit l&rsquo;acc\u00e8s aux v\u00e9hicules au cirque de Campuls). DEPART : Continuer \u00e0 pied sur la piste foresti\u00e8re pendant 30 minutes pour arriver au cirque de Campuls et sa cabane. CABANE DE CAMPULS : Laisser la piste partir \u00e0 droite et continuer tout droit sur un sentier large et herbeux. Dans la continuit\u00e9, ce sentier se r\u00e9tr\u00e9cit et monte en lacets jusqu&rsquo;\u00e0 un croisement. Prendre \u00e0 droite, toujours en montant mais de fa\u00e7on moins difficile, pour d\u00e9boucher sur le GR10 qui suit la cr\u00e8te. Prendre le GR \u00e0 droite et laissez vous mener au lac sans effort. ETANG D&rsquo;AYES : Pour le retour, reprendre le m\u00eame itin\u00e9raire.<\/p>\n","protected":false},"excerpt":{"rendered":"<p>Le lac de Bethmale Le&nbsp;lac de Bethmale, c\u2019est le petit bijou du Couserans, sa&nbsp;couleur \u00e9meraude&nbsp;et sa&nbsp;forme en c\u0153ur&nbsp;en ferait un joli pendentif.\u202fCe lac n\u2019est pas immense\u2026 il est juste beau, les lieux incitent \u00e0 la z\u00e9nitude, \u00e0 la d\u00e9contraction, je dirais m\u00eame qu\u2019il apaise les tensions\u2026 Chaque saison l\u2019habille d\u2019une nouvelle tenue, mais que ce [&hellip;]<\/p>\n","protected":false},"author":1,"featured_media":0,"parent":0,"menu_order":0,"comment_status":"closed","ping_status":"closed","template":"","meta":{"footnotes":""},"class_list":["post-164","page","type-page","status-publish","hentry"],"_links":{"self":[{"href":"https:\/\/www.location-gite-salle-reception-ariege.com\/cj192558-ovh\/index.php\/wp-json\/wp\/v2\/pages\/164"}],"collection":[{"href":"https:\/\/www.location-gite-salle-reception-ariege.com\/cj192558-ovh\/index.php\/wp-json\/wp\/v2\/pages"}],"about":[{"href":"https:\/\/www.location-gite-salle-reception-ariege.com\/cj192558-ovh\/index.php\/wp-json\/wp\/v2\/types\/page"}],"author":[{"embeddable":true,"href":"https:\/\/www.location-gite-salle-reception-ariege.com\/cj192558-ovh\/index.php\/wp-json\/wp\/v2\/users\/1"}],"replies":[{"embeddable":true,"href":"https:\/\/www.location-gite-salle-reception-ariege.com\/cj192558-ovh\/index.php\/wp-json\/wp\/v2\/comments?post=164"}],"version-history":[{"count":3,"href":"https:\/\/www.location-gite-salle-reception-ariege.com\/cj192558-ovh\/index.php\/wp-json\/wp\/v2\/pages\/164\/revisions"}],"predecessor-version":[{"id":552,"href":"https:\/\/www.location-gite-salle-reception-ariege.com\/cj192558-ovh\/index.php\/wp-json\/wp\/v2\/pages\/164\/revisions\/552"}],"wp:attachment":[{"href":"https:\/\/www.location-gite-salle-reception-ariege.com\/cj192558-ovh\/index.php\/wp-json\/wp\/v2\/media?parent=164"}],"curies":[{"name":"wp","href":"https:\/\/api.w.org\/{rel}","templated":true}]}}