{"id":160,"date":"2023-05-29T21:35:43","date_gmt":"2023-05-29T19:35:43","guid":{"rendered":"http:\/\/www.location-gite-salle-reception-ariege.com\/cj192558-ovh\/?page_id=160"},"modified":"2023-07-07T15:27:24","modified_gmt":"2023-07-07T13:27:24","slug":"associations","status":"publish","type":"page","link":"https:\/\/www.location-gite-salle-reception-ariege.com\/cj192558-ovh\/index.php\/associations\/","title":{"rendered":"Associations"},"content":{"rendered":"\n<h2 class=\"wp-block-heading has-text-align-center\">Comit\u00e9 des f\u00eates de Bethmale<\/h2>\n\n\n\n<p>Retrouvez nous sur <a href=\"https:\/\/www.facebook.com\/comitedesfetesdebethmale\" target=\"_blank\" rel=\"noreferrer noopener\">Facebook <\/a><\/p>\n\n\n\n<figure class=\"wp-block-image size-large\"><img loading=\"lazy\" decoding=\"async\" width=\"1024\" height=\"836\" src=\"https:\/\/www.location-gite-salle-reception-ariege.com\/cj192558-ovh\/wp-content\/uploads\/2023\/07\/296748675_102812009199738_6173587867300146799_n-1024x836.jpg\" alt=\"\" class=\"wp-image-517\" srcset=\"https:\/\/www.location-gite-salle-reception-ariege.com\/cj192558-ovh\/wp-content\/uploads\/2023\/07\/296748675_102812009199738_6173587867300146799_n-1024x836.jpg 1024w, https:\/\/www.location-gite-salle-reception-ariege.com\/cj192558-ovh\/wp-content\/uploads\/2023\/07\/296748675_102812009199738_6173587867300146799_n-300x245.jpg 300w, https:\/\/www.location-gite-salle-reception-ariege.com\/cj192558-ovh\/wp-content\/uploads\/2023\/07\/296748675_102812009199738_6173587867300146799_n-768x627.jpg 768w, https:\/\/www.location-gite-salle-reception-ariege.com\/cj192558-ovh\/wp-content\/uploads\/2023\/07\/296748675_102812009199738_6173587867300146799_n-1536x1253.jpg 1536w, https:\/\/www.location-gite-salle-reception-ariege.com\/cj192558-ovh\/wp-content\/uploads\/2023\/07\/296748675_102812009199738_6173587867300146799_n.jpg 1809w\" sizes=\"(max-width: 1024px) 100vw, 1024px\" \/><\/figure>\n\n\n\n<h2 class=\"wp-block-heading has-text-align-center\">L\u2019association La Bethmalaise<\/h2>\n\n\n\n<p>La Bethmalaise est une association cr\u00e9\u00e9e en 1991 qui \u0153uvre pour le maintien dans leur berceau d\u2019origine des traditions de costume, de musique de danses et de chants de la vall\u00e9e de Bethmale et du Couserans. Elle propose des ateliers de danses, de musique et de chants ouverts \u00e0 toutes et \u00e0 tous, ainsi que des spectacles, des concerts et des bals.<\/p>\n\n\n\n<p>Retrouvez les sur leur site internet :&nbsp;<a href=\"http:\/\/www.labethmalaise.com\/\" target=\"_blank\" rel=\"noreferrer noopener\">www.labethmalaise.com<\/a><\/p>\n\n\n\n<p>Contact :&nbsp;<a href=\"mailto:labethmalaise@wanadoo.fr\" target=\"_blank\" rel=\"noreferrer noopener\">labethmalaise@wanadoo.fr<\/a><\/p>\n\n\n\n<p>Facebook : @labethmalaise<\/p>\n\n\n\n<h2 class=\"wp-block-heading has-text-align-center\">Transhumance en Bethmale<\/h2>\n\n\n\n<p>Dans la vall\u00e9e de Bethmale, les f\u00eates de la transhumance sont l\u2019accompagnement sur deux jours&nbsp;, dans leur mont\u00e9e vers les estives de Bethmale, des troupeaux de vaches, de moutons et de chevaux des \u00e9leveurs couserannais.<\/p>\n\n\n\n<p>L\u2019objectif de l\u2019association Transhumance en Bethmale est l\u2019organisation de cette f\u00eate, avec des animations, repas conviviaux, et spectacle folklorique<\/p>\n\n\n\n<p>En perp\u00e9tuant cette tradition ancestrale notre association contribue \u00e0 la pr\u00e9servation des traditions pastorales, participe \u00e0 la promotion des produits locaux, et permet de faire conna\u00eetre l\u2019identit\u00e9 de la vall\u00e9e, et des villages travers\u00e9s par les troupeaux. C\u2019est un moment de richesse \u00e9motionnelle et culturelle.<\/p>\n\n\n\n<p>Qui sommes nous?<\/p>\n\n\n\n<p>Transhumance en Bethmale est une association&nbsp; r\u00e9gie par la loi du 1<sup>er<\/sup>&nbsp;juillet 1901.<\/p>\n\n\n\n<p>Elle existe depuis 2006<\/p>\n\n\n\n<p>Le si\u00e8ge de l\u2019association est situ\u00e9 \u00e0 la mairie de Bethmale\u2026..<\/p>\n\n\n\n<p>Elle est compos\u00e9e de 70 adh\u00e9rents environ, dont une cinquantaine participent tr\u00e8s activement \u00e0 la logistique de la f\u00eate.<\/p>\n\n\n\n<p>L\u2019association Transhumance en Bethmale est chapeaut\u00e9e par Transhumance en Couserans. C\u2019est elle qui demande les diverses autorisations, comme celle d\u2019utiliser les routes pour les diff\u00e9rents troupeaux, ainsi que d\u2019utiliser&nbsp; le site de Campuls et qui fait la publicit\u00e9 pour les diff\u00e9rentes transhumances du Couserans etc.<\/p>\n\n\n\n<p>Le haras de la Basterne \u00e0 St Lizier avec 80 chevaux, m\u00e9rens et castillonnais&nbsp;,<\/p>\n\n\n\n<p>Le GAEC de Bethmale, avec 20 vaches et leurs veaux de race gasconne,<\/p>\n\n\n\n<h2 class=\"wp-block-heading has-text-align-center\">AFP de Bethmale<\/h2>\n\n\n\n<p><em>Une AFP r\u00e9unit l\u2019ensemble des propri\u00e9taires d\u2019un p\u00e9rim\u00e8tre agro-pastoral et permet de constituer des structures d\u2019exploitation stables et coh\u00e9rentes. Ainsi, elle devient le repr\u00e9sentant des propri\u00e9taires et un interlocuteur unique aupr\u00e8s des \u00e9leveurs, des \u00e9lus et de l\u2019administration<\/em>.<\/p>\n\n\n\n<p><div class=\"wrapper\" role=\"document\"><div class=\"association\"><div class=\"association__row\"><main class=\"association__content\"><p><em>Pour les propri\u00e9taires et les collectivit\u00e9s, l\u2019AFP permet le  maintien de la vie rurale, en confortant les exploitations ce qui  favorise l\u2019entretien du foncier et la valorisation des terres en zone  interm\u00e9diaire ainsi que la sauvegarde du patrimoine.<\/em>En Ari\u00e8ge, il est indispensable de maintenir des actifs agricoles  dans les zones rurales et montagnardes pour que le territoire reste  occup\u00e9, entretenu et vivant.Une des premi\u00e8res conditions n\u00e9cessaires pour remplir cet objectif est la ma\u00eetrise du foncier.La ma\u00eetrise fonci\u00e8re et la restructuration des exploitations restent  d\u2019actualit\u00e9 pour accompagner leur adaptation aux conditions \u00e9conomiques  et au changement climatique, pour faciliter la transmission de ces  entreprises agricoles et l\u2019installation de nouveaux agriculteurs.Mais le territoire montagnard est souvent constitu\u00e9 de multiples  parcelles appartenant \u00e0 de nombreux propri\u00e9taires. C\u2019est pour pallier ce  probl\u00e8me qu\u2019ont \u00e9t\u00e9 cr\u00e9\u00e9es les Associations Fonci\u00e8res Pastorales (AFP). Les Associations Fonci\u00e8res Pastorales, un outil bien adapt\u00e9 \u00e0 la zone de montagne pour structurer les exploitations Association syndicale de propri\u00e9taires, l\u2019Association Fonci\u00e8re  pastorale (libre, autoris\u00e9e ou cr\u00e9e d\u2019office) a pour vocation de  sauvegarder la vie sociale et de prot\u00e9ger le milieu naturel au travers  de l\u2019am\u00e9nagement, l\u2019entretien et la gestion des fonds et des \u00e9quipements  qu\u2019elle regroupe.Aussi, elle appara\u00eet comme une proc\u00e9dure d\u2019am\u00e9nagement bien adapt\u00e9e  aux situations fonci\u00e8res complexes observ\u00e9es en Ari\u00e8ge, tant en zone de  montagne que de pi\u00e9mont: extr\u00eame division de la propri\u00e9t\u00e9, parcellaire  de faible contenance, petite propri\u00e9t\u00e9, absent\u00e9isme des propri\u00e9taires,  indivisions et copropri\u00e9t\u00e9s nombreuses,\u2026.<\/p><\/main><\/div><\/div><\/div> Les atouts de l\u2019AFP<\/p>\n\n\n\n<p>L\u2019AFP est un outil efficace pour lutter contre le morcellement foncier qui rend difficile sinon impossible, la mise en valeur de certains territoires et le contr\u00f4le de la v\u00e9g\u00e9tation. Elle permet d\u2019installer ou de conforter l\u2019installation d\u2019agriculteurs dans des territoires en d\u00e9prise.<\/p>\n\n\n\n<figure class=\"wp-block-image\"><a href=\"https:\/\/www.pastoralisme09.fr\/app\/uploads\/2020\/12\/2012_1214janvier2013photos0081-scaled.jpg\"><img decoding=\"async\" src=\"https:\/\/www.pastoralisme09.fr\/app\/uploads\/2020\/12\/2012_1214janvier2013photos0081-1024x768.jpg\" alt=\"\" class=\"wp-image-830\"\/><\/a><figcaption class=\"wp-element-caption\">Implantation de la bergerie ( AFP de BETHMALE)<\/figcaption><\/figure>\n\n\n\n<p>L\u2019AFP facilite la sauvegarde et la valorisation d\u2019un foncier qui ne pourrait l\u2019\u00eatre de mani\u00e8re individuelle. Les exploitants ou autres gestionnaires de l\u2019espace ne s\u2019adressent alors qu\u2019\u00e0 un seul interlocuteur foncier plut\u00f4t qu\u2019\u00e0 une multitude de propri\u00e9taires.<\/p>\n\n\n\n<p>L\u2019association peut permettre d\u2019int\u00e9resser l\u2019ensemble des propri\u00e9taires aux diff\u00e9rents usages de l\u2019espace compris dans le p\u00e9rim\u00e8tre syndical : agro-pastoralisme, for\u00eat, eau, zones \u00e9cologiquement remarquables, chasse, tourisme \u00ab&nbsp;doux&nbsp;\u00bb\u2026<\/p>\n\n\n\n<h2 class=\"wp-block-heading has-text-align-center\">AAPPMA Les Riverains du Balamet<\/h2>\n\n\n\n<figure class=\"wp-block-image size-large\"><img loading=\"lazy\" decoding=\"async\" width=\"1024\" height=\"683\" src=\"https:\/\/www.location-gite-salle-reception-ariege.com\/cj192558-ovh\/wp-content\/uploads\/2023\/07\/bethmale_2023-1-1024x683.jpg\" alt=\"\" class=\"wp-image-520\" srcset=\"https:\/\/www.location-gite-salle-reception-ariege.com\/cj192558-ovh\/wp-content\/uploads\/2023\/07\/bethmale_2023-1-1024x683.jpg 1024w, https:\/\/www.location-gite-salle-reception-ariege.com\/cj192558-ovh\/wp-content\/uploads\/2023\/07\/bethmale_2023-1-300x200.jpg 300w, https:\/\/www.location-gite-salle-reception-ariege.com\/cj192558-ovh\/wp-content\/uploads\/2023\/07\/bethmale_2023-1-768x512.jpg 768w, https:\/\/www.location-gite-salle-reception-ariege.com\/cj192558-ovh\/wp-content\/uploads\/2023\/07\/bethmale_2023-1-1536x1024.jpg 1536w, https:\/\/www.location-gite-salle-reception-ariege.com\/cj192558-ovh\/wp-content\/uploads\/2023\/07\/bethmale_2023-1-2048x1366.jpg 2048w\" sizes=\"(max-width: 1024px) 100vw, 1024px\" \/><\/figure>\n\n\n\n<p>Retrouvez nous sur <a href=\"https:\/\/www.facebook.com\/profile.php?id=100091734001926\" target=\"_blank\" rel=\"noreferrer noopener\">Facebook<\/a><\/p>\n","protected":false},"excerpt":{"rendered":"<p>Comit\u00e9 des f\u00eates de Bethmale Retrouvez nous sur Facebook L\u2019association La Bethmalaise La Bethmalaise est une association cr\u00e9\u00e9e en 1991 qui \u0153uvre pour le maintien dans leur berceau d\u2019origine des traditions de costume, de musique de danses et de chants de la vall\u00e9e de Bethmale et du Couserans. Elle propose des ateliers de danses, de [&hellip;]<\/p>\n","protected":false},"author":1,"featured_media":0,"parent":0,"menu_order":0,"comment_status":"closed","ping_status":"closed","template":"","meta":{"footnotes":""},"class_list":["post-160","page","type-page","status-publish","hentry"],"_links":{"self":[{"href":"https:\/\/www.location-gite-salle-reception-ariege.com\/cj192558-ovh\/index.php\/wp-json\/wp\/v2\/pages\/160"}],"collection":[{"href":"https:\/\/www.location-gite-salle-reception-ariege.com\/cj192558-ovh\/index.php\/wp-json\/wp\/v2\/pages"}],"about":[{"href":"https:\/\/www.location-gite-salle-reception-ariege.com\/cj192558-ovh\/index.php\/wp-json\/wp\/v2\/types\/page"}],"author":[{"embeddable":true,"href":"https:\/\/www.location-gite-salle-reception-ariege.com\/cj192558-ovh\/index.php\/wp-json\/wp\/v2\/users\/1"}],"replies":[{"embeddable":true,"href":"https:\/\/www.location-gite-salle-reception-ariege.com\/cj192558-ovh\/index.php\/wp-json\/wp\/v2\/comments?post=160"}],"version-history":[{"count":9,"href":"https:\/\/www.location-gite-salle-reception-ariege.com\/cj192558-ovh\/index.php\/wp-json\/wp\/v2\/pages\/160\/revisions"}],"predecessor-version":[{"id":522,"href":"https:\/\/www.location-gite-salle-reception-ariege.com\/cj192558-ovh\/index.php\/wp-json\/wp\/v2\/pages\/160\/revisions\/522"}],"wp:attachment":[{"href":"https:\/\/www.location-gite-salle-reception-ariege.com\/cj192558-ovh\/index.php\/wp-json\/wp\/v2\/media?parent=160"}],"curies":[{"name":"wp","href":"https:\/\/api.w.org\/{rel}","templated":true}]}}