{"id":153,"date":"2023-05-29T21:34:38","date_gmt":"2023-05-29T19:34:38","guid":{"rendered":"http:\/\/www.location-gite-salle-reception-ariege.com\/cj192558-ovh\/?page_id=153"},"modified":"2023-06-23T14:25:33","modified_gmt":"2023-06-23T12:25:33","slug":"notre-histoire-et-ses-legendes","status":"publish","type":"page","link":"https:\/\/www.location-gite-salle-reception-ariege.com\/cj192558-ovh\/index.php\/notre-histoire-et-ses-legendes\/","title":{"rendered":"Notre histoire et ses l\u00e9gendes"},"content":{"rendered":"\n<h1 class=\"wp-block-heading\">Les contes et l\u00e9gendes de la vall\u00e9e de bethmale<\/h1>\n\n\n\n<p>Il existe plusieurs versions des contes et l\u00e9gendes de la vall\u00e9e de Bethmale et nous n\u2019avons pas la pr\u00e9tention d\u2019avoir LES v\u00e9ritables. Voici celles que nous racontons \u00e0 qui nous les demande :<\/p>\n\n\n\n<h1 class=\"wp-block-heading\">La l\u00e9gende des sabots de Bethmale<\/h1>\n\n\n<div class=\"wp-block-image\">\n<figure class=\"aligncenter size-full\"><img loading=\"lazy\" decoding=\"async\" width=\"262\" height=\"343\" src=\"http:\/\/www.location-gite-salle-reception-ariege.com\/cj192558-ovh\/wp-content\/uploads\/2023\/06\/03-photo_grands_sabots-0ff4b_6145.jpg\" alt=\"\" class=\"wp-image-206\" srcset=\"https:\/\/www.location-gite-salle-reception-ariege.com\/cj192558-ovh\/wp-content\/uploads\/2023\/06\/03-photo_grands_sabots-0ff4b_6145.jpg 262w, https:\/\/www.location-gite-salle-reception-ariege.com\/cj192558-ovh\/wp-content\/uploads\/2023\/06\/03-photo_grands_sabots-0ff4b_6145-229x300.jpg 229w\" sizes=\"(max-width: 262px) 100vw, 262px\" \/><\/figure><\/div>\n\n\n<p>L\u2019action se passe au Moyen-Age, alors que la vall\u00e9e de Bethmale \u00e9tait envahie par les Maures, tout comme le reste de la r\u00e9gion. Ici comme ailleurs, les femmes, les enfants et les plus \u00e2g\u00e9s \u00e9taient rest\u00e9s dans les villages, sous le joug de l\u2019occupant, tandis que les hommes valides s\u2019\u00e9taient r\u00e9fugi\u00e9s l\u00e0-haut dans la montagne afin de pr\u00e9parer leur revanche. Le fils de Boabdil, le chef des Maures, \u00e9tait tr\u00e8s beau et Esclarelys, une jeune berg\u00e8re, tomba amoureuse. Arriva ce qu\u2019il devait arriver\u2026<br>Il n\u2019y aurait pas eu d\u2019histoire si Esclarelys n\u2019avait pas \u00e9t\u00e9 d\u00e9j\u00e0 fianc\u00e9e \u00e0 un berger ! Celui-ci, apprenant son infortune, se mit \u00e0 sculper une paire de sabots \u00e0 la pointe tr\u00e8s effil\u00e9e, sous les moqueries de ses camarades qui lui demandaient ce qu\u2019il comptait en faire. Ruminant sa sourde vengeance, il leur r\u00e9pondait patiemment d\u2019attendre, de retourner \u00e0 leurs exercices d\u2019entra\u00eenement, et leur disait qu\u2019ils auraient prochainement la r\u00e9ponse.<br>Une nuit, profitant de l\u2019affaiblissement des Maures, les hommes descendirent dans la vall\u00e9e et massacr\u00e8rent tous les envahisseurs. Au petit matin, ils d\u00e9fil\u00e8rent dans la vall\u00e9e avec \u00e0 leur t\u00eate le berger. Il \u00e9tait chauss\u00e9 de ses sabots au bout desquels deux c\u0153urs sanguinolants \u00e9taient accroch\u00e9s. A qui lui demandaient la signification de ceci, il r\u00e9pondait : \u00ab Voyez demoiselles ce qui vous arrivera si vous \u00eates infid\u00e8les ! \u00bb car il s\u2019agissait des c\u0153urs d\u2019Escalrelys et de son amant.<br>Depuis ce temps, au moment des fian\u00e7ailles, le fianc\u00e9 offre \u00e0 sa promise une paire de sabots \u00e0 longue pointe qu\u2019il a amoureusement scuplt\u00e9e, et en retour, elle lui remet un gilet brod\u00e9 qu\u2019elle a confectionn\u00e9. On dit que plus la pointe est longue, plus l\u2019amour est grand\u2026<\/p>\n\n\n\n<blockquote class=\"wp-block-quote is-layout-flow wp-block-quote-is-layout-flow\">\n<h6 class=\"wp-block-heading\">Note : certaines femmes bethmalaises pr\u00e9sentent des caract\u00e8res physiques proches des mauresques<\/h6>\n<\/blockquote>\n\n\n\n<h1 class=\"wp-block-heading\">La l\u00e9gende du costume de Bethmale<\/h1>\n\n\n<div class=\"wp-block-image\">\n<figure class=\"aligncenter size-full\"><img loading=\"lazy\" decoding=\"async\" width=\"788\" height=\"619\" src=\"http:\/\/www.location-gite-salle-reception-ariege.com\/cj192558-ovh\/wp-content\/uploads\/2023\/06\/01-bethmale-3-aemierosblogspot_16003.jpg\" alt=\"\" class=\"wp-image-207\" srcset=\"https:\/\/www.location-gite-salle-reception-ariege.com\/cj192558-ovh\/wp-content\/uploads\/2023\/06\/01-bethmale-3-aemierosblogspot_16003.jpg 788w, https:\/\/www.location-gite-salle-reception-ariege.com\/cj192558-ovh\/wp-content\/uploads\/2023\/06\/01-bethmale-3-aemierosblogspot_16003-300x236.jpg 300w, https:\/\/www.location-gite-salle-reception-ariege.com\/cj192558-ovh\/wp-content\/uploads\/2023\/06\/01-bethmale-3-aemierosblogspot_16003-768x603.jpg 768w\" sizes=\"(max-width: 788px) 100vw, 788px\" \/><\/figure><\/div>\n\n\n<p>Cette l\u00e9gende est aussi appell\u00e9e l\u00e9gende de Jouanissou. Cet homme, originaire de la vall\u00e9e, est parti en voyage en Orient, en Gr\u00e8ce notamment. Il en est revenu avec de nombreuses femmes tr\u00e8s belles et de somptueux costumes. A l\u2019occastion de son r\u00e9tablissement dans la vall\u00e9e, il a fond\u00e9 la Citadelle, lieu connu aujourd\u2019hui sous le nom de Villargein. Par la suite, les habitants ont adopt\u00e9 leurs mani\u00e8res de se v\u00eatir.<\/p>\n\n\n\n<blockquote class=\"wp-block-quote is-layout-flow wp-block-quote-is-layout-flow\">\n<h6 class=\"wp-block-heading\">Note : certains disent que la \u00ab&nbsp;bareta&nbsp;\u00bb port\u00e9e par les hommes ressemble \u00e0 une barque ph\u00e9nicienne \u00e0 l\u2019envers<\/h6>\n<\/blockquote>\n\n\n\n<h1 class=\"wp-block-heading\">La l\u00e9gende de \u00ab&nbsp;Peyra quilhada&nbsp;\u00bb<\/h1>\n\n\n\n<p>C\u2019est l\u2019histoire de ce menhir (pierre lev\u00e9e, en gascon) qui s\u2019\u00e9levait pour permettre aux enfants qui grimpaient dessus d\u2019attraper les cerises des arbres voisins.<\/p>\n\n\n\n<h1 class=\"wp-block-heading\">La l\u00e9gende de \u00ab&nbsp;Bramevaque&nbsp;\u00bb<\/h1>\n\n\n\n<p>Un jour, une jeune fille arriva dans la vall\u00e9e et elle grimpa \u00e0 travers les pr\u00e9s jusqu\u2019au ch\u00e2teau abandonn\u00e9 de \u00ab&nbsp;Bramevaque&nbsp;\u00bb (vache qui meugle, en gascon). Elle frappa \u00e0 la porte et r\u00e9veilla le dragon qui habitait ces lieux. Il l\u2019accueilla en ces termes :<\/p>\n\n\n\n<p><em>\u00ab Qui es-tu et que fais-tu ici ? N\u2019as-tu donc point peur de moi ?<br>Ne t\u2019a-t-on pas pr\u00e9venu que j\u2019\u00e9tais ici ? \u00bb<\/em><br><em>\u00ab Je suis la descendante des seigneurs du ch\u00e2teau, tes ma\u00eetres qui t\u2019ont demand\u00e9 de veiller sur leur tr\u00e9sor jusqu\u2019\u00e0 leur retour. Je viens en leur nom, chercher ce tr\u00e9sor. \u00bb, lui r\u00e9pondi-elle.<\/em><br><em>\u00ab Soit, je te le donnerai si tu acceptes de me donner un baiser. \u00bb<\/em><\/p>\n\n\n\n<p>A l\u2019id\u00e9e de devoir embrasser le dragon, la jeune fille fut \u00e9pouvant\u00e9e, elle devint livide et ses cheveux vir\u00e8rent au blanc. Elle s\u2019enfuit \u00e0 toute allure en criant. On ne la revit jamais, ni les descendants des seigneurs. Le ch\u00e2teau retrouva sa tranquilit\u00e9 et le dragon se rendormit.<\/p>\n\n\n\n<blockquote class=\"wp-block-quote is-layout-flow wp-block-quote-is-layout-flow\">\n<h6 class=\"wp-block-heading\">Note : le ch\u00e2teau de Bramevaque est aujourd\u2019hui cach\u00e9 derri\u00e8re les arbres, il n\u2019en reste qu\u2019une tour dangereusement instable et les pierres de ses remparts ont servi \u00e0 la construction des granges alentours.<\/h6>\n<\/blockquote>\n\n\n\n<h1 class=\"wp-block-heading\">L\u2019arbre rond et ses \u00ab\u00a0hadas\u00a0\u00bb<\/h1>\n\n\n<div class=\"wp-block-image\">\n<figure class=\"aligncenter size-full\"><img loading=\"lazy\" decoding=\"async\" width=\"723\" height=\"407\" src=\"http:\/\/www.location-gite-salle-reception-ariege.com\/cj192558-ovh\/wp-content\/uploads\/2023\/06\/arbre_rond_3-1.jpg\" alt=\"\" class=\"wp-image-208\" srcset=\"https:\/\/www.location-gite-salle-reception-ariege.com\/cj192558-ovh\/wp-content\/uploads\/2023\/06\/arbre_rond_3-1.jpg 723w, https:\/\/www.location-gite-salle-reception-ariege.com\/cj192558-ovh\/wp-content\/uploads\/2023\/06\/arbre_rond_3-1-300x169.jpg 300w\" sizes=\"(max-width: 723px) 100vw, 723px\" \/><\/figure><\/div>\n\n\n<p>Fameux h\u00eatre de forme ronde, il a pouss\u00e9 en soulane (au soleil) alors qu\u2019il fait partie des essences dites d\u2019ombre. On raconte que les \u00ab&nbsp;hadas&nbsp;\u00bb (f\u00e9es) habitent autour de l\u2019arbre et qu\u2019elles ne sortent que les nuits de pleine lune. Les renseignent alors les bergers et les agriculteurs sur les meilleures dates de mont\u00e9e en estive, de semailles ou de r\u00e9colte.<\/p>\n\n\n\n<blockquote class=\"wp-block-quote is-layout-flow wp-block-quote-is-layout-flow\">\n<h6 class=\"wp-block-heading\">Note: l\u2019arbre rond est accessible par des sentiers balis\u00e9s au d\u00e9part d\u2019Aret et de Villargein (d\u2019o\u00f9 une piste y mo<\/h6>\n<\/blockquote>\n","protected":false},"excerpt":{"rendered":"<p>Les contes et l\u00e9gendes de la vall\u00e9e de bethmale Il existe plusieurs versions des contes et l\u00e9gendes de la vall\u00e9e de Bethmale et nous n\u2019avons pas la pr\u00e9tention d\u2019avoir LES v\u00e9ritables. Voici celles que nous racontons \u00e0 qui nous les demande : La l\u00e9gende des sabots de Bethmale L\u2019action se passe au Moyen-Age, alors que [&hellip;]<\/p>\n","protected":false},"author":1,"featured_media":0,"parent":0,"menu_order":0,"comment_status":"closed","ping_status":"closed","template":"","meta":{"footnotes":""},"class_list":["post-153","page","type-page","status-publish","hentry"],"_links":{"self":[{"href":"https:\/\/www.location-gite-salle-reception-ariege.com\/cj192558-ovh\/index.php\/wp-json\/wp\/v2\/pages\/153"}],"collection":[{"href":"https:\/\/www.location-gite-salle-reception-ariege.com\/cj192558-ovh\/index.php\/wp-json\/wp\/v2\/pages"}],"about":[{"href":"https:\/\/www.location-gite-salle-reception-ariege.com\/cj192558-ovh\/index.php\/wp-json\/wp\/v2\/types\/page"}],"author":[{"embeddable":true,"href":"https:\/\/www.location-gite-salle-reception-ariege.com\/cj192558-ovh\/index.php\/wp-json\/wp\/v2\/users\/1"}],"replies":[{"embeddable":true,"href":"https:\/\/www.location-gite-salle-reception-ariege.com\/cj192558-ovh\/index.php\/wp-json\/wp\/v2\/comments?post=153"}],"version-history":[{"count":3,"href":"https:\/\/www.location-gite-salle-reception-ariege.com\/cj192558-ovh\/index.php\/wp-json\/wp\/v2\/pages\/153\/revisions"}],"predecessor-version":[{"id":209,"href":"https:\/\/www.location-gite-salle-reception-ariege.com\/cj192558-ovh\/index.php\/wp-json\/wp\/v2\/pages\/153\/revisions\/209"}],"wp:attachment":[{"href":"https:\/\/www.location-gite-salle-reception-ariege.com\/cj192558-ovh\/index.php\/wp-json\/wp\/v2\/media?parent=153"}],"curies":[{"name":"wp","href":"https:\/\/api.w.org\/{rel}","templated":true}]}}